{"id":1034,"date":"2019-11-01T11:52:47","date_gmt":"2019-11-01T10:52:47","guid":{"rendered":"https:\/\/www.la-yacht.de\/?page_id=1034"},"modified":"2025-01-07T09:04:12","modified_gmt":"2025-01-07T08:04:12","slug":"service","status":"publish","type":"page","link":"https:\/\/www.la-yacht.de\/en\/shipyard-la-yacht\/service\/","title":{"rendered":"Service"},"content":{"rendered":"<p>We are also offering a wide range of services to our customers from regular maintenance to repairs and winter storage.<\/p>\n<p><a href=\"http:\/\/www.alegra-bootswerft.com\/\">Allegra-Bootswerft<\/a><\/p>\n<p>Our selected partner network allows us to ensure the best care for your boat.<\/p>","protected":false},"excerpt":{"rendered":"<p>Inzwischen bieten wir unseren Kunden auch Serviceleistungen an. LA Yachten werden, gewartet, repariert und f\u00fcr den Winter eingelagert. Wir bieten die M\u00f6glichkeit nicht nur in Waren an der M\u00fcritz, sondern k\u00f6nnen in Zusammenarbeit mit unserem Servicepartner am Vierwaldst\u00e4ttersee: Die Allegra-Bootswerft So k\u00f6nnen wir unseren Service ausbauen und unseren Kunden alle Serviceleistungen auch dort anbieten.<\/p>","protected":false},"author":1,"featured_media":900,"parent":22,"menu_order":0,"comment_status":"closed","ping_status":"closed","template":"","meta":[],"yoast_head":"<!-- This site is optimized with the Yoast SEO plugin v17.9 - https:\/\/yoast.com\/wordpress\/plugins\/seo\/ -->\r\n<title>Service - LA Yacht- &amp; Bootsbau GmbH<\/title>\r\n<meta name=\"robots\" content=\"index, follow, max-snippet:-1, max-image-preview:large, max-video-preview:-1\" \/>\r\n<link rel=\"canonical\" href=\"https:\/\/www.la-yacht.de\/en\/shipyard-la-yacht\/service\/\" \/>\r\n<meta property=\"og:locale\" content=\"en_US\" \/>\r\n<meta property=\"og:type\" content=\"article\" \/>\r\n<meta property=\"og:title\" content=\"Service - LA Yacht- &amp; Bootsbau GmbH\" \/>\r\n<meta property=\"og:description\" content=\"Inzwischen bieten wir unseren Kunden auch Serviceleistungen an. LA Yachten werden, gewartet, repariert und f\u00fcr den Winter eingelagert. Wir bieten die M\u00f6glichkeit nicht nur in Waren an der M\u00fcritz, sondern k\u00f6nnen in Zusammenarbeit mit unserem Servicepartner am Vierwaldst\u00e4ttersee: Die Allegra-Bootswerft So k\u00f6nnen wir unseren Service ausbauen und unseren Kunden alle Serviceleistungen auch dort anbieten.\" \/>\r\n<meta property=\"og:url\" content=\"https:\/\/www.la-yacht.de\/en\/shipyard-la-yacht\/service\/\" \/>\r\n<meta property=\"og:site_name\" content=\"LA Yacht- &amp; Bootsbau GmbH\" \/>\r\n<meta property=\"article:modified_time\" content=\"2025-01-07T08:04:12+00:00\" \/>\r\n<meta property=\"og:image\" content=\"https:\/\/www.la-yacht.de\/wp-content\/uploads\/2017\/06\/IMG_5557.jpg\" \/>\r\n\t<meta property=\"og:image:width\" content=\"1500\" \/>\r\n\t<meta property=\"og:image:height\" content=\"1125\" \/>\r\n\t<meta property=\"og:image:type\" content=\"image\/jpeg\" \/>\r\n<meta name=\"twitter:card\" content=\"summary\" \/>\r\n<script type=\"application\/ld+json\" class=\"yoast-schema-graph\">{\"@context\":\"https:\/\/schema.org\",\"@graph\":[{\"@type\":\"WebSite\",\"@id\":\"https:\/\/www.la-yacht.de\/#website\",\"url\":\"https:\/\/www.la-yacht.de\/\",\"name\":\"LA Yacht- &amp; Bootsbau GmbH\",\"description\":\"Ma\\u00dfgeschneiderte Yachten\",\"potentialAction\":[{\"@type\":\"SearchAction\",\"target\":{\"@type\":\"EntryPoint\",\"urlTemplate\":\"https:\/\/www.la-yacht.de\/?s={search_term_string}\"},\"query-input\":\"required name=search_term_string\"}],\"inLanguage\":\"en-US\"},{\"@type\":\"ImageObject\",\"@id\":\"https:\/\/www.la-yacht.de\/la-yacht-bootsbau\/service\/#primaryimage\",\"inLanguage\":\"en-US\",\"url\":\"https:\/\/www.la-yacht.de\/wp-content\/uploads\/2017\/06\/IMG_5557.jpg\",\"contentUrl\":\"https:\/\/www.la-yacht.de\/wp-content\/uploads\/2017\/06\/IMG_5557.jpg\",\"width\":1500,\"height\":1125},{\"@type\":\"WebPage\",\"@id\":\"https:\/\/www.la-yacht.de\/la-yacht-bootsbau\/service\/#webpage\",\"url\":\"https:\/\/www.la-yacht.de\/la-yacht-bootsbau\/service\/\",\"name\":\"Service - LA Yacht- &amp; Bootsbau GmbH\",\"isPartOf\":{\"@id\":\"https:\/\/www.la-yacht.de\/#website\"},\"primaryImageOfPage\":{\"@id\":\"https:\/\/www.la-yacht.de\/la-yacht-bootsbau\/service\/#primaryimage\"},\"datePublished\":\"2019-11-01T10:52:47+00:00\",\"dateModified\":\"2025-01-07T08:04:12+00:00\",\"breadcrumb\":{\"@id\":\"https:\/\/www.la-yacht.de\/la-yacht-bootsbau\/service\/#breadcrumb\"},\"inLanguage\":\"en-US\",\"potentialAction\":[{\"@type\":\"ReadAction\",\"target\":[\"https:\/\/www.la-yacht.de\/la-yacht-bootsbau\/service\/\"]}]},{\"@type\":\"BreadcrumbList\",\"@id\":\"https:\/\/www.la-yacht.de\/la-yacht-bootsbau\/service\/#breadcrumb\",\"itemListElement\":[{\"@type\":\"ListItem\",\"position\":1,\"name\":\"Startseite\",\"item\":\"https:\/\/www.la-yacht.de\/\"},{\"@type\":\"ListItem\",\"position\":2,\"name\":\"Werft\",\"item\":\"https:\/\/www.la-yacht.de\/la-yacht-bootsbau\/\"},{\"@type\":\"ListItem\",\"position\":3,\"name\":\"Service\"}]}]}<\/script>\r\n<!-- \/ Yoast SEO plugin. -->","yoast_head_json":{"title":"Service - LA Yacht- &amp; Bootsbau GmbH","robots":{"index":"index","follow":"follow","max-snippet":"max-snippet:-1","max-image-preview":"max-image-preview:large","max-video-preview":"max-video-preview:-1"},"canonical":"https:\/\/www.la-yacht.de\/en\/shipyard-la-yacht\/service\/","og_locale":"en_US","og_type":"article","og_title":"Service - LA Yacht- &amp; Bootsbau GmbH","og_description":"Inzwischen bieten wir unseren Kunden auch Serviceleistungen an. LA Yachten werden, gewartet, repariert und f\u00fcr den Winter eingelagert. Wir bieten die M\u00f6glichkeit nicht nur in Waren an der M\u00fcritz, sondern k\u00f6nnen in Zusammenarbeit mit unserem Servicepartner am Vierwaldst\u00e4ttersee: Die Allegra-Bootswerft So k\u00f6nnen wir unseren Service ausbauen und unseren Kunden alle Serviceleistungen auch dort anbieten.","og_url":"https:\/\/www.la-yacht.de\/en\/shipyard-la-yacht\/service\/","og_site_name":"LA Yacht- &amp; Bootsbau GmbH","article_modified_time":"2025-01-07T08:04:12+00:00","og_image":[{"width":1500,"height":1125,"url":"https:\/\/www.la-yacht.de\/wp-content\/uploads\/2017\/06\/IMG_5557.jpg","type":"image\/jpeg"}],"twitter_card":"summary","schema":{"@context":"https:\/\/schema.org","@graph":[{"@type":"WebSite","@id":"https:\/\/www.la-yacht.de\/#website","url":"https:\/\/www.la-yacht.de\/","name":"LA Yacht- &amp; Bootsbau GmbH","description":"Ma\u00dfgeschneiderte Yachten","potentialAction":[{"@type":"SearchAction","target":{"@type":"EntryPoint","urlTemplate":"https:\/\/www.la-yacht.de\/?s={search_term_string}"},"query-input":"required name=search_term_string"}],"inLanguage":"en-US"},{"@type":"ImageObject","@id":"https:\/\/www.la-yacht.de\/la-yacht-bootsbau\/service\/#primaryimage","inLanguage":"en-US","url":"https:\/\/www.la-yacht.de\/wp-content\/uploads\/2017\/06\/IMG_5557.jpg","contentUrl":"https:\/\/www.la-yacht.de\/wp-content\/uploads\/2017\/06\/IMG_5557.jpg","width":1500,"height":1125},{"@type":"WebPage","@id":"https:\/\/www.la-yacht.de\/la-yacht-bootsbau\/service\/#webpage","url":"https:\/\/www.la-yacht.de\/la-yacht-bootsbau\/service\/","name":"Service - LA Yacht- &amp; Bootsbau GmbH","isPartOf":{"@id":"https:\/\/www.la-yacht.de\/#website"},"primaryImageOfPage":{"@id":"https:\/\/www.la-yacht.de\/la-yacht-bootsbau\/service\/#primaryimage"},"datePublished":"2019-11-01T10:52:47+00:00","dateModified":"2025-01-07T08:04:12+00:00","breadcrumb":{"@id":"https:\/\/www.la-yacht.de\/la-yacht-bootsbau\/service\/#breadcrumb"},"inLanguage":"en-US","potentialAction":[{"@type":"ReadAction","target":["https:\/\/www.la-yacht.de\/la-yacht-bootsbau\/service\/"]}]},{"@type":"BreadcrumbList","@id":"https:\/\/www.la-yacht.de\/la-yacht-bootsbau\/service\/#breadcrumb","itemListElement":[{"@type":"ListItem","position":1,"name":"Startseite","item":"https:\/\/www.la-yacht.de\/"},{"@type":"ListItem","position":2,"name":"Werft","item":"https:\/\/www.la-yacht.de\/la-yacht-bootsbau\/"},{"@type":"ListItem","position":3,"name":"Service"}]}]}},"_links":{"self":[{"href":"https:\/\/www.la-yacht.de\/en\/wp-json\/wp\/v2\/pages\/1034"}],"collection":[{"href":"https:\/\/www.la-yacht.de\/en\/wp-json\/wp\/v2\/pages"}],"about":[{"href":"https:\/\/www.la-yacht.de\/en\/wp-json\/wp\/v2\/types\/page"}],"author":[{"embeddable":true,"href":"https:\/\/www.la-yacht.de\/en\/wp-json\/wp\/v2\/users\/1"}],"replies":[{"embeddable":true,"href":"https:\/\/www.la-yacht.de\/en\/wp-json\/wp\/v2\/comments?post=1034"}],"version-history":[{"count":3,"href":"https:\/\/www.la-yacht.de\/en\/wp-json\/wp\/v2\/pages\/1034\/revisions"}],"predecessor-version":[{"id":1195,"href":"https:\/\/www.la-yacht.de\/en\/wp-json\/wp\/v2\/pages\/1034\/revisions\/1195"}],"up":[{"embeddable":true,"href":"https:\/\/www.la-yacht.de\/en\/wp-json\/wp\/v2\/pages\/22"}],"wp:featuredmedia":[{"embeddable":true,"href":"https:\/\/www.la-yacht.de\/en\/wp-json\/wp\/v2\/media\/900"}],"wp:attachment":[{"href":"https:\/\/www.la-yacht.de\/en\/wp-json\/wp\/v2\/media?parent=1034"}],"curies":[{"name":"wp","href":"https:\/\/api.w.org\/{rel}","templated":true}]}}