{"id":1073,"date":"2020-01-09T20:02:23","date_gmt":"2020-01-09T19:02:23","guid":{"rendered":"https:\/\/www.la-yacht.de\/?page_id=1073"},"modified":"2025-01-07T09:04:12","modified_gmt":"2025-01-07T08:04:12","slug":"jobs","status":"publish","type":"page","link":"https:\/\/www.la-yacht.de\/en\/jobs\/","title":{"rendered":"Jobs"},"content":{"rendered":"<div class='flex_column av-4po4sx-b9b2eec7a35e23f2e5a0f0dbcc6138e4 av_one_full  avia-builder-el-0  avia-builder-el-no-sibling  first flex_column_div'   ><section class=\"av_textblock_section\"  itemscope=\"itemscope\" itemtype=\"https:\/\/schema.org\/CreativeWork\" ><div class='avia_textblock'   itemprop=\"text\" ><h1>Opportunities<\/h1>\n<p>Als kleines Unternehmen mit famili\u00e4rem Charakter, suchen wir Dich (w,m,d) zur Mitarbeit an unseren innovativen und anspruchsvollen Bootsbauprojekten. Wir verbinden traditionelles Handwerk mit modernem Design. Wir stehen f\u00fcr Leichtbau und Performance in Furnierarbeit und Kohlefaserbau, sowie optischer Perfektion in Mahagoni. Wir gehen neue Wege, auf denen Selbstverwirklichung gefragt ist!<\/p>\n<p><a href=\"https:\/\/www.la-yacht.de\/wp-content\/uploads\/2020\/01\/6209.jpg\"><img decoding=\"async\" loading=\"lazy\" class=\"aligncenter size-medium wp-image-1078\" src=\"https:\/\/www.la-yacht.de\/wp-content\/uploads\/2020\/01\/6209-300x211.jpg\" alt=\"LA28 - Segelgl\u00fcck\" width=\"300\" height=\"211\" srcset=\"https:\/\/www.la-yacht.de\/wp-content\/uploads\/2020\/01\/6209-300x211.jpg 300w, https:\/\/www.la-yacht.de\/wp-content\/uploads\/2020\/01\/6209-768x540.jpg 768w, https:\/\/www.la-yacht.de\/wp-content\/uploads\/2020\/01\/6209-1030x725.jpg 1030w, https:\/\/www.la-yacht.de\/wp-content\/uploads\/2020\/01\/6209-1500x1055.jpg 1500w, https:\/\/www.la-yacht.de\/wp-content\/uploads\/2020\/01\/6209-705x496.jpg 705w, https:\/\/www.la-yacht.de\/wp-content\/uploads\/2020\/01\/6209-450x317.jpg 450w\" sizes=\"(max-width: 300px) 100vw, 300px\" \/><\/a><\/p>\n<p><u>What you bring.<\/u><\/p>\n<p>&#8211; Einen Gesellenbrief in einem holzverarbeitendem Gewerk, den Rest bringen wir Dir gerne bei&#8230;<\/p>\n<p>&#8211; &#8230;daf\u00fcr brauchst Du aber Bereitschaft zur Weiterentwicklung.<\/p>\n<p>&#8211; \u00dcber erste Berufserfahrungen w\u00fcrden wir uns freuen.<\/p>\n<p>&#8211; Du legst eine selbstst\u00e4ndige, gewissenhafte Arbeitsweise an den Tag und hast ein selbstverst\u00e4ndliches Kosten- und Qualit\u00e4tsbewusstsein,<\/p>\n<p>&#8211; bist belastbar, flexibel und teamf\u00e4hig<\/p>\n<p>&#8211; und an Booten oder Wassersport interessiert.<\/p>\n<p><u>What we offer.<\/u><\/p>\n<p>&#8211; Moderne Neubauhalle mit angenehmem Arbeitsumfeld, fester Arbeitsort im sch\u00f6nen Waren an der M\u00fcritz<\/p>\n<p>&#8211; Fertigung formverleimter R\u00fcmpfe aus ausgew\u00e4hltem Furnier oder mit Sandwichmaterialien<\/p>\n<p>&#8211; Ausbau der Rumpfschalen, verkleben von Schotten, Decks und Aufbauten<\/p>\n<p>&#8211; Innenausbau<\/p>\n<p>&#8211; Legen von Teakstabdeck<\/p>\n<p>&#8211; Montage von Beschl\u00e4gen und technischen Komponenten<\/p>\n<p>&#8211; Lackiervorbereitung und Lackierung<\/p>\n<p>&#8211; Dich erwarten geregelte Arbeitszeiten und eine faire Verg\u00fctung<\/p>\n<p>&#8211; Du hast noch besondere W\u00fcnsche hinsichtlich flexibler Arbeitszeiten und Familienplanung &#8211; lass uns reden!<\/p>\n<p>Wenn Du an diesen interessanten und abwechslungsreichen Aufgaben interessiert bist, bewerbe Dich bitte mit Lebenslauf und kurzem Motivationsschreiben bei uns! Wir freuen uns darauf, Dich in unserem kleinen Team begr\u00fc\u00dfen zu k\u00f6nnen!<\/p>\n<p><em>Die Unterlagen gerne auf dem Postwege zu uns bringen:<\/em><\/p>\n<p>LA Yacht- &amp; Bootsbau GmbH<\/p>\n<p>Heinrich-Seidel-Str. 3<\/p>\n<p>17192 Waren<\/p>\n<\/div><\/section><\/div>","protected":false},"excerpt":{"rendered":"","protected":false},"author":1,"featured_media":0,"parent":0,"menu_order":5,"comment_status":"closed","ping_status":"closed","template":"","meta":[],"yoast_head":"<!-- This site is optimized with the Yoast SEO plugin v17.9 - https:\/\/yoast.com\/wordpress\/plugins\/seo\/ -->\r\n<title>Jobs - LA Yacht- &amp; Bootsbau GmbH<\/title>\r\n<meta name=\"robots\" content=\"index, follow, max-snippet:-1, max-image-preview:large, max-video-preview:-1\" \/>\r\n<link rel=\"canonical\" href=\"https:\/\/www.la-yacht.de\/en\/jobs\/\" \/>\r\n<meta property=\"og:locale\" content=\"en_US\" \/>\r\n<meta property=\"og:type\" content=\"article\" \/>\r\n<meta property=\"og:title\" content=\"Jobs - LA Yacht- &amp; Bootsbau GmbH\" \/>\r\n<meta property=\"og:url\" content=\"https:\/\/www.la-yacht.de\/en\/jobs\/\" \/>\r\n<meta property=\"og:site_name\" content=\"LA Yacht- &amp; Bootsbau GmbH\" \/>\r\n<meta property=\"article:modified_time\" content=\"2025-01-07T08:04:12+00:00\" \/>\r\n<meta property=\"og:image\" content=\"https:\/\/www.la-yacht.de\/wp-content\/uploads\/2020\/01\/6209-300x211.jpg\" \/>\r\n<meta name=\"twitter:card\" content=\"summary\" \/>\r\n<meta name=\"twitter:label1\" content=\"Est. reading time\" \/>\n\t<meta name=\"twitter:data1\" content=\"3 minutes\" \/>\r\n<script type=\"application\/ld+json\" class=\"yoast-schema-graph\">{\"@context\":\"https:\/\/schema.org\",\"@graph\":[{\"@type\":\"WebSite\",\"@id\":\"https:\/\/www.la-yacht.de\/#website\",\"url\":\"https:\/\/www.la-yacht.de\/\",\"name\":\"LA Yacht- &amp; Bootsbau GmbH\",\"description\":\"Ma\\u00dfgeschneiderte Yachten\",\"potentialAction\":[{\"@type\":\"SearchAction\",\"target\":{\"@type\":\"EntryPoint\",\"urlTemplate\":\"https:\/\/www.la-yacht.de\/?s={search_term_string}\"},\"query-input\":\"required name=search_term_string\"}],\"inLanguage\":\"en-US\"},{\"@type\":\"ImageObject\",\"@id\":\"https:\/\/www.la-yacht.de\/jobs\/#primaryimage\",\"inLanguage\":\"en-US\",\"url\":\"https:\/\/www.la-yacht.de\/wp-content\/uploads\/2020\/01\/6209.jpg\",\"contentUrl\":\"https:\/\/www.la-yacht.de\/wp-content\/uploads\/2020\/01\/6209.jpg\",\"width\":3300,\"height\":2322,\"caption\":\"LA28 - Segelgl\\u00fcck\"},{\"@type\":\"WebPage\",\"@id\":\"https:\/\/www.la-yacht.de\/jobs\/#webpage\",\"url\":\"https:\/\/www.la-yacht.de\/jobs\/\",\"name\":\"Jobs - LA Yacht- &amp; Bootsbau GmbH\",\"isPartOf\":{\"@id\":\"https:\/\/www.la-yacht.de\/#website\"},\"primaryImageOfPage\":{\"@id\":\"https:\/\/www.la-yacht.de\/jobs\/#primaryimage\"},\"datePublished\":\"2020-01-09T19:02:23+00:00\",\"dateModified\":\"2025-01-07T08:04:12+00:00\",\"breadcrumb\":{\"@id\":\"https:\/\/www.la-yacht.de\/jobs\/#breadcrumb\"},\"inLanguage\":\"en-US\",\"potentialAction\":[{\"@type\":\"ReadAction\",\"target\":[\"https:\/\/www.la-yacht.de\/jobs\/\"]}]},{\"@type\":\"BreadcrumbList\",\"@id\":\"https:\/\/www.la-yacht.de\/jobs\/#breadcrumb\",\"itemListElement\":[{\"@type\":\"ListItem\",\"position\":1,\"name\":\"Startseite\",\"item\":\"https:\/\/www.la-yacht.de\/\"},{\"@type\":\"ListItem\",\"position\":2,\"name\":\"Jobs\"}]}]}<\/script>\r\n<!-- \/ Yoast SEO plugin. -->","yoast_head_json":{"title":"Jobs - LA Yacht- &amp; Bootsbau GmbH","robots":{"index":"index","follow":"follow","max-snippet":"max-snippet:-1","max-image-preview":"max-image-preview:large","max-video-preview":"max-video-preview:-1"},"canonical":"https:\/\/www.la-yacht.de\/en\/jobs\/","og_locale":"en_US","og_type":"article","og_title":"Jobs - LA Yacht- &amp; Bootsbau GmbH","og_url":"https:\/\/www.la-yacht.de\/en\/jobs\/","og_site_name":"LA Yacht- &amp; Bootsbau GmbH","article_modified_time":"2025-01-07T08:04:12+00:00","og_image":[{"url":"https:\/\/www.la-yacht.de\/wp-content\/uploads\/2020\/01\/6209-300x211.jpg"}],"twitter_card":"summary","twitter_misc":{"Est. reading time":"3 minutes"},"schema":{"@context":"https:\/\/schema.org","@graph":[{"@type":"WebSite","@id":"https:\/\/www.la-yacht.de\/#website","url":"https:\/\/www.la-yacht.de\/","name":"LA Yacht- &amp; Bootsbau GmbH","description":"Ma\u00dfgeschneiderte Yachten","potentialAction":[{"@type":"SearchAction","target":{"@type":"EntryPoint","urlTemplate":"https:\/\/www.la-yacht.de\/?s={search_term_string}"},"query-input":"required name=search_term_string"}],"inLanguage":"en-US"},{"@type":"ImageObject","@id":"https:\/\/www.la-yacht.de\/jobs\/#primaryimage","inLanguage":"en-US","url":"https:\/\/www.la-yacht.de\/wp-content\/uploads\/2020\/01\/6209.jpg","contentUrl":"https:\/\/www.la-yacht.de\/wp-content\/uploads\/2020\/01\/6209.jpg","width":3300,"height":2322,"caption":"LA28 - Segelgl\u00fcck"},{"@type":"WebPage","@id":"https:\/\/www.la-yacht.de\/jobs\/#webpage","url":"https:\/\/www.la-yacht.de\/jobs\/","name":"Jobs - LA Yacht- &amp; Bootsbau GmbH","isPartOf":{"@id":"https:\/\/www.la-yacht.de\/#website"},"primaryImageOfPage":{"@id":"https:\/\/www.la-yacht.de\/jobs\/#primaryimage"},"datePublished":"2020-01-09T19:02:23+00:00","dateModified":"2025-01-07T08:04:12+00:00","breadcrumb":{"@id":"https:\/\/www.la-yacht.de\/jobs\/#breadcrumb"},"inLanguage":"en-US","potentialAction":[{"@type":"ReadAction","target":["https:\/\/www.la-yacht.de\/jobs\/"]}]},{"@type":"BreadcrumbList","@id":"https:\/\/www.la-yacht.de\/jobs\/#breadcrumb","itemListElement":[{"@type":"ListItem","position":1,"name":"Startseite","item":"https:\/\/www.la-yacht.de\/"},{"@type":"ListItem","position":2,"name":"Jobs"}]}]}},"_links":{"self":[{"href":"https:\/\/www.la-yacht.de\/en\/wp-json\/wp\/v2\/pages\/1073"}],"collection":[{"href":"https:\/\/www.la-yacht.de\/en\/wp-json\/wp\/v2\/pages"}],"about":[{"href":"https:\/\/www.la-yacht.de\/en\/wp-json\/wp\/v2\/types\/page"}],"author":[{"embeddable":true,"href":"https:\/\/www.la-yacht.de\/en\/wp-json\/wp\/v2\/users\/1"}],"replies":[{"embeddable":true,"href":"https:\/\/www.la-yacht.de\/en\/wp-json\/wp\/v2\/comments?post=1073"}],"version-history":[{"count":13,"href":"https:\/\/www.la-yacht.de\/en\/wp-json\/wp\/v2\/pages\/1073\/revisions"}],"predecessor-version":[{"id":1312,"href":"https:\/\/www.la-yacht.de\/en\/wp-json\/wp\/v2\/pages\/1073\/revisions\/1312"}],"wp:attachment":[{"href":"https:\/\/www.la-yacht.de\/en\/wp-json\/wp\/v2\/media?parent=1073"}],"curies":[{"name":"wp","href":"https:\/\/api.w.org\/{rel}","templated":true}]}}