{"id":22,"date":"2015-04-23T10:33:00","date_gmt":"2015-04-23T08:33:00","guid":{"rendered":"https:\/\/www.la-yacht.de\/?page_id=22"},"modified":"2025-01-07T09:04:12","modified_gmt":"2025-01-07T08:04:12","slug":"la-yacht-bootsbau","status":"publish","type":"page","link":"https:\/\/www.la-yacht.de\/en\/shipyard-la-yacht\/","title":{"rendered":"Shipyard"},"content":{"rendered":"<style type=\"text\/css\" data-created_by=\"avia_inline_auto\" id=\"style-css-av-azbni-47a387296bd78969f6c0476e3c96ec5f\">\n.flex_column.av-azbni-47a387296bd78969f6c0476e3c96ec5f{\nborder-radius:0px 0px 0px 0px;\n-webkit-border-radius:0px 0px 0px 0px;\n-moz-border-radius:0px 0px 0px 0px;\n}\n<\/style>\n<div class='flex_column av-azbni-47a387296bd78969f6c0476e3c96ec5f av_one_half  avia-builder-el-0  el_before_av_one_half  avia-builder-el-first  first flex_column_div av-zero-column-padding'   ><div   data-size='no scaling'  data-lightbox_size='large'  data-animation='slide'  data-conditional_play=''  data-ids='1056,1055,1062,1057,1061,1060,1059,1058'  data-video_counter='0'  data-autoplay='false'  data-bg_slider='false'  data-slide_height=''  data-handle='av_slideshow'  data-interval='5'  data-class=' avia-builder-el-1  avia-builder-el-no-sibling  '  data-el_id=''  data-css_id=''  data-scroll_down=''  data-control_layout=''  data-custom_markup=''  data-perma_caption=''  data-autoplay_stopper=''  data-image_attachment=''  data-min_height='0px'  data-lazy_loading='disabled'  class='avia-slideshow avia-slideshow-1  av-default-height-applied avia-slideshow-no scaling av_slideshow  avia-builder-el-1  avia-builder-el-no-sibling   avia-slide-slider'  itemprop=\"image\" itemscope=\"itemscope\" itemtype=\"https:\/\/schema.org\/ImageObject\" ><ul class='avia-slideshow-inner' style='padding-bottom: 75%;' ><li  class='slide-1' ><div data-rel='slideshow-1' class='avia-slide-wrap'   ><img decoding=\"async\" class=\"wp-image-1056 avia-img-lazy-loading-not-1056\"  src=\"https:\/\/www.la-yacht.de\/wp-content\/uploads\/2019\/12\/IMG_3068.jpg\" width=\"1632\" height=\"1224\" title='IMG_3068' alt=''  itemprop=\"thumbnailUrl\" srcset=\"https:\/\/www.la-yacht.de\/wp-content\/uploads\/2019\/12\/IMG_3068.jpg 1632w, https:\/\/www.la-yacht.de\/wp-content\/uploads\/2019\/12\/IMG_3068-300x225.jpg 300w, https:\/\/www.la-yacht.de\/wp-content\/uploads\/2019\/12\/IMG_3068-768x576.jpg 768w, https:\/\/www.la-yacht.de\/wp-content\/uploads\/2019\/12\/IMG_3068-1030x773.jpg 1030w, https:\/\/www.la-yacht.de\/wp-content\/uploads\/2019\/12\/IMG_3068-1500x1125.jpg 1500w, https:\/\/www.la-yacht.de\/wp-content\/uploads\/2019\/12\/IMG_3068-705x529.jpg 705w, https:\/\/www.la-yacht.de\/wp-content\/uploads\/2019\/12\/IMG_3068-450x338.jpg 450w\" sizes=\"(max-width: 1632px) 100vw, 1632px\" \/><\/div><\/li><li  class='slide-2' ><div data-rel='slideshow-1' class='avia-slide-wrap'   ><img decoding=\"async\" class=\"wp-image-1055 avia-img-lazy-loading-not-1055\"  src=\"https:\/\/www.la-yacht.de\/wp-content\/uploads\/2019\/12\/4D0FB1CE-43A8-46B7-B09F-97A3175A53FC.jpg\" width=\"1516\" height=\"1224\" title='4D0FB1CE-43A8-46B7-B09F-97A3175A53FC' alt=''  itemprop=\"thumbnailUrl\" srcset=\"https:\/\/www.la-yacht.de\/wp-content\/uploads\/2019\/12\/4D0FB1CE-43A8-46B7-B09F-97A3175A53FC.jpg 1516w, https:\/\/www.la-yacht.de\/wp-content\/uploads\/2019\/12\/4D0FB1CE-43A8-46B7-B09F-97A3175A53FC-300x242.jpg 300w, https:\/\/www.la-yacht.de\/wp-content\/uploads\/2019\/12\/4D0FB1CE-43A8-46B7-B09F-97A3175A53FC-768x620.jpg 768w, https:\/\/www.la-yacht.de\/wp-content\/uploads\/2019\/12\/4D0FB1CE-43A8-46B7-B09F-97A3175A53FC-1030x832.jpg 1030w, https:\/\/www.la-yacht.de\/wp-content\/uploads\/2019\/12\/4D0FB1CE-43A8-46B7-B09F-97A3175A53FC-1500x1211.jpg 1500w, https:\/\/www.la-yacht.de\/wp-content\/uploads\/2019\/12\/4D0FB1CE-43A8-46B7-B09F-97A3175A53FC-495x400.jpg 495w, https:\/\/www.la-yacht.de\/wp-content\/uploads\/2019\/12\/4D0FB1CE-43A8-46B7-B09F-97A3175A53FC-705x569.jpg 705w, https:\/\/www.la-yacht.de\/wp-content\/uploads\/2019\/12\/4D0FB1CE-43A8-46B7-B09F-97A3175A53FC-450x363.jpg 450w\" sizes=\"(max-width: 1516px) 100vw, 1516px\" \/><\/div><\/li><li  class='slide-3' ><div data-rel='slideshow-1' class='avia-slide-wrap'   ><img decoding=\"async\" class=\"wp-image-1062 avia-img-lazy-loading-not-1062\"  src=\"https:\/\/www.la-yacht.de\/wp-content\/uploads\/2019\/12\/IMG_4732.jpg\" width=\"1632\" height=\"1224\" title='IMG_4732' alt=''  itemprop=\"thumbnailUrl\" srcset=\"https:\/\/www.la-yacht.de\/wp-content\/uploads\/2019\/12\/IMG_4732.jpg 1632w, https:\/\/www.la-yacht.de\/wp-content\/uploads\/2019\/12\/IMG_4732-300x225.jpg 300w, https:\/\/www.la-yacht.de\/wp-content\/uploads\/2019\/12\/IMG_4732-768x576.jpg 768w, https:\/\/www.la-yacht.de\/wp-content\/uploads\/2019\/12\/IMG_4732-1030x773.jpg 1030w, https:\/\/www.la-yacht.de\/wp-content\/uploads\/2019\/12\/IMG_4732-1500x1125.jpg 1500w, https:\/\/www.la-yacht.de\/wp-content\/uploads\/2019\/12\/IMG_4732-705x529.jpg 705w, https:\/\/www.la-yacht.de\/wp-content\/uploads\/2019\/12\/IMG_4732-450x338.jpg 450w\" sizes=\"(max-width: 1632px) 100vw, 1632px\" \/><\/div><\/li><li  class='slide-4' ><div data-rel='slideshow-1' class='avia-slide-wrap'   ><img decoding=\"async\" class=\"wp-image-1057 avia-img-lazy-loading-not-1057\"  src=\"https:\/\/www.la-yacht.de\/wp-content\/uploads\/2019\/12\/IMG_3185.jpg\" width=\"1632\" height=\"1224\" title='IMG_3185' alt=''  itemprop=\"thumbnailUrl\" srcset=\"https:\/\/www.la-yacht.de\/wp-content\/uploads\/2019\/12\/IMG_3185.jpg 1632w, https:\/\/www.la-yacht.de\/wp-content\/uploads\/2019\/12\/IMG_3185-300x225.jpg 300w, https:\/\/www.la-yacht.de\/wp-content\/uploads\/2019\/12\/IMG_3185-768x576.jpg 768w, https:\/\/www.la-yacht.de\/wp-content\/uploads\/2019\/12\/IMG_3185-1030x773.jpg 1030w, https:\/\/www.la-yacht.de\/wp-content\/uploads\/2019\/12\/IMG_3185-1500x1125.jpg 1500w, https:\/\/www.la-yacht.de\/wp-content\/uploads\/2019\/12\/IMG_3185-705x529.jpg 705w, https:\/\/www.la-yacht.de\/wp-content\/uploads\/2019\/12\/IMG_3185-450x338.jpg 450w\" sizes=\"(max-width: 1632px) 100vw, 1632px\" \/><\/div><\/li><li  class='slide-5' ><div data-rel='slideshow-1' class='avia-slide-wrap'   ><img decoding=\"async\" class=\"wp-image-1061 avia-img-lazy-loading-not-1061\"  src=\"https:\/\/www.la-yacht.de\/wp-content\/uploads\/2019\/12\/IMG_4668.jpg\" width=\"1632\" height=\"1224\" title='IMG_4668' alt=''  itemprop=\"thumbnailUrl\" srcset=\"https:\/\/www.la-yacht.de\/wp-content\/uploads\/2019\/12\/IMG_4668.jpg 1632w, https:\/\/www.la-yacht.de\/wp-content\/uploads\/2019\/12\/IMG_4668-300x225.jpg 300w, https:\/\/www.la-yacht.de\/wp-content\/uploads\/2019\/12\/IMG_4668-768x576.jpg 768w, https:\/\/www.la-yacht.de\/wp-content\/uploads\/2019\/12\/IMG_4668-1030x773.jpg 1030w, https:\/\/www.la-yacht.de\/wp-content\/uploads\/2019\/12\/IMG_4668-1500x1125.jpg 1500w, https:\/\/www.la-yacht.de\/wp-content\/uploads\/2019\/12\/IMG_4668-705x529.jpg 705w, https:\/\/www.la-yacht.de\/wp-content\/uploads\/2019\/12\/IMG_4668-450x338.jpg 450w\" sizes=\"(max-width: 1632px) 100vw, 1632px\" \/><\/div><\/li><li  class='slide-6' ><div data-rel='slideshow-1' class='avia-slide-wrap'   ><img decoding=\"async\" class=\"wp-image-1060 avia-img-lazy-loading-not-1060\"  src=\"https:\/\/www.la-yacht.de\/wp-content\/uploads\/2019\/12\/IMG_4479.jpg\" width=\"1632\" height=\"1224\" title='IMG_4479' alt=''  itemprop=\"thumbnailUrl\" srcset=\"https:\/\/www.la-yacht.de\/wp-content\/uploads\/2019\/12\/IMG_4479.jpg 1632w, https:\/\/www.la-yacht.de\/wp-content\/uploads\/2019\/12\/IMG_4479-300x225.jpg 300w, https:\/\/www.la-yacht.de\/wp-content\/uploads\/2019\/12\/IMG_4479-768x576.jpg 768w, https:\/\/www.la-yacht.de\/wp-content\/uploads\/2019\/12\/IMG_4479-1030x773.jpg 1030w, https:\/\/www.la-yacht.de\/wp-content\/uploads\/2019\/12\/IMG_4479-1500x1125.jpg 1500w, https:\/\/www.la-yacht.de\/wp-content\/uploads\/2019\/12\/IMG_4479-705x529.jpg 705w, https:\/\/www.la-yacht.de\/wp-content\/uploads\/2019\/12\/IMG_4479-450x338.jpg 450w\" sizes=\"(max-width: 1632px) 100vw, 1632px\" \/><\/div><\/li><li  class='slide-7' ><div data-rel='slideshow-1' class='avia-slide-wrap'   ><img decoding=\"async\" class=\"wp-image-1059 avia-img-lazy-loading-not-1059\"  src=\"https:\/\/www.la-yacht.de\/wp-content\/uploads\/2019\/12\/IMG_4372.jpg\" width=\"1632\" height=\"1224\" title='IMG_4372' alt=''  itemprop=\"thumbnailUrl\" srcset=\"https:\/\/www.la-yacht.de\/wp-content\/uploads\/2019\/12\/IMG_4372.jpg 1632w, https:\/\/www.la-yacht.de\/wp-content\/uploads\/2019\/12\/IMG_4372-300x225.jpg 300w, https:\/\/www.la-yacht.de\/wp-content\/uploads\/2019\/12\/IMG_4372-768x576.jpg 768w, https:\/\/www.la-yacht.de\/wp-content\/uploads\/2019\/12\/IMG_4372-1030x773.jpg 1030w, https:\/\/www.la-yacht.de\/wp-content\/uploads\/2019\/12\/IMG_4372-1500x1125.jpg 1500w, https:\/\/www.la-yacht.de\/wp-content\/uploads\/2019\/12\/IMG_4372-705x529.jpg 705w, https:\/\/www.la-yacht.de\/wp-content\/uploads\/2019\/12\/IMG_4372-450x338.jpg 450w\" sizes=\"(max-width: 1632px) 100vw, 1632px\" \/><\/div><\/li><li  class='slide-8' ><div data-rel='slideshow-1' class='avia-slide-wrap'   ><img decoding=\"async\" class=\"wp-image-1058 avia-img-lazy-loading-not-1058\"  src=\"https:\/\/www.la-yacht.de\/wp-content\/uploads\/2019\/12\/IMG_3729.jpg\" width=\"1632\" height=\"1224\" title='IMG_3729' alt=''  itemprop=\"thumbnailUrl\" srcset=\"https:\/\/www.la-yacht.de\/wp-content\/uploads\/2019\/12\/IMG_3729.jpg 1632w, https:\/\/www.la-yacht.de\/wp-content\/uploads\/2019\/12\/IMG_3729-300x225.jpg 300w, https:\/\/www.la-yacht.de\/wp-content\/uploads\/2019\/12\/IMG_3729-768x576.jpg 768w, https:\/\/www.la-yacht.de\/wp-content\/uploads\/2019\/12\/IMG_3729-1030x773.jpg 1030w, https:\/\/www.la-yacht.de\/wp-content\/uploads\/2019\/12\/IMG_3729-1500x1125.jpg 1500w, https:\/\/www.la-yacht.de\/wp-content\/uploads\/2019\/12\/IMG_3729-705x529.jpg 705w, https:\/\/www.la-yacht.de\/wp-content\/uploads\/2019\/12\/IMG_3729-450x338.jpg 450w\" sizes=\"(max-width: 1632px) 100vw, 1632px\" \/><\/div><\/li><\/ul><div class='avia-slideshow-arrows avia-slideshow-controls' ><a href='#prev' class='prev-slide' aria-hidden='true' data-av_icon='\ue87c' data-av_iconfont='entypo-fontello' tabindex='-1'>Previous<\/a><a href='#next' class='next-slide' aria-hidden='true' data-av_icon='\ue87d' data-av_iconfont='entypo-fontello' tabindex='-1'>Next<\/a><\/div><div class='avia-slideshow-dots avia-slideshow-controls'><a href='#1' class='goto-slide active' >1<\/a><a href='#2' class='goto-slide' >2<\/a><a href='#3' class='goto-slide' >3<\/a><a href='#4' class='goto-slide' >4<\/a><a href='#5' class='goto-slide' >5<\/a><a href='#6' class='goto-slide' >6<\/a><a href='#7' class='goto-slide' >7<\/a><a href='#8' class='goto-slide' >8<\/a><\/div><\/div><\/div>\n\n<style type=\"text\/css\" data-created_by=\"avia_inline_auto\" id=\"style-css-av-56yf2-2b46069a8b5fe623f69dd0d4e8ce1209\">\n.flex_column.av-56yf2-2b46069a8b5fe623f69dd0d4e8ce1209{\nborder-radius:0px 0px 0px 0px;\n-webkit-border-radius:0px 0px 0px 0px;\n-moz-border-radius:0px 0px 0px 0px;\n}\n<\/style>\n<div class='flex_column av-56yf2-2b46069a8b5fe623f69dd0d4e8ce1209 av_one_half  avia-builder-el-2  el_after_av_one_half  el_before_av_hr  flex_column_div av-zero-column-padding'   ><section class=\"av_textblock_section\"  itemscope=\"itemscope\" itemtype=\"https:\/\/schema.org\/CreativeWork\" ><div class='avia_textblock'   itemprop=\"text\" ><p>Seit Juni 2014 gibt es die Bootswerft \u201eLA Yacht- und Bootsbau GmbH\u201c in Waren an der M\u00fcritz. Wir verbinden traditionelles Handwerk mit neuester Technik und modernem Design! Uns zeichnet Kreativit\u00e4t und Vielseitigkeit aus &#8211; wir perfektionieren den modernen formverleimten Holzbootsbau. Unsere Erfahrungen und Kenntnisse in der Furnierverarbeitung machen die LA-Yachten zu einem einzigartigen Qualit\u00e4tsprodukt! Nur ausgew\u00e4hlte Furniere von St\u00e4mmen, die 100% FSC-Zertifiziert sind, finden den Weg in das Holzlager der LA Yacht- &amp; Bootsbau GmbH. Als neues Qualit\u00e4tsmerkmal kommt nun das passende Vollholz f\u00fcr Abschlussleisten und Details vom gleichen Stamm in Furnierqualit\u00e4t! Wir stellen uns ab jetzt diesem Qualit\u00e4tsanspruch und lassen Furnier und Vollholz nur noch ausgew\u00e4hlt f\u00fcr uns produzieren.<\/p>\n<p>Durch unsere weitreichende Expertise k\u00f6nnen wir auf Kundenwunsch alles realisieren: Von einer rassigen, schnellen Regattayacht mit mahagonifurnierter, hochglanzlackierter Oberfl\u00e4che, \u00fcber unsere bekannten Daysailer bis hin zur Motoryacht. Im normalen Werftbetrieb sind Bootsgr\u00f6\u00dfen bis 50ft. realisierbar.<\/p>\n<p><a href=\"https:\/\/www.la-yacht.de\/en\/shipyard-la-yacht\/service\/\">Service<\/a> wird bei uns gro\u00dfgeschrieben und so kommt es, das wir die bei uns gebauten Boote &#8211; gerne auch mit Servicevertrag &#8211; jahrelang begleiten, f\u00fcr&#8217;s Winterlager sorgen, sowie alle Wartungs- und Reparaturarbeiten durchf\u00fchren.<\/p>\n<p>At LA Yachts we are committed to producing beautiful custom boats, simple but functional, classic looks paired with modern technology, high performance with ease of handling. \nIf you are looking for a timeless, head turning beauty we would love to hear from you. \nContact us and we will take the time for a personal and fun conversation!<\/p>\n<\/div><\/section><\/div><div  class='hr av-44phm-4f74353d95b4bf4efe76e6eca0123a8d hr-default  avia-builder-el-4  el_after_av_one_half  el_before_av_contact'><span class='hr-inner'><span class=\"hr-inner-style\"><\/span><\/span><\/div><\/p>\n<form action=\"https:\/\/www.la-yacht.de\/en\/shipyard-la-yacht\/\" method=\"post\"  class=\"avia_ajax_form av-form-labels-visible   avia-builder-el-5  el_after_av_hr  avia-builder-el-last\" data-avia-form-id=\"1\" data-avia-redirect='' data-trp-original-action=\"https:\/\/www.la-yacht.de\/en\/shipyard-la-yacht\/\" ><h3 class=''>We are happy to hear from you!<\/h3><fieldset><p class='first_form  form_element form_fullwidth' id='element_avia_1_1'><label for=\"avia_1_1\">Name <abbr class=\"required\" title=\"required\">*<\/abbr><\/label> <input name=\"avia_1_1\" class=\"text_input is_empty\" type=\"text\" id=\"avia_1_1\" value=\"\" \/><\/p><p class='first_form  form_element form_fullwidth' id='element_avia_2_1'><label for=\"avia_2_1\">E-Mail <abbr class=\"required\" title=\"required\">*<\/abbr><\/label> <input name=\"avia_2_1\" class=\"text_input is_email\" type=\"text\" id=\"avia_2_1\" value=\"\" \/><\/p><p class='first_form  form_element form_fullwidth' id='element_avia_3_1'><label for=\"avia_3_1\">Subject <abbr class=\"required\" title=\"required\">*<\/abbr><\/label> <input name=\"avia_3_1\" class=\"text_input is_empty\" type=\"text\" id=\"avia_3_1\" value=\"\" \/><\/p><p class='first_form  form_element form_fullwidth av-last-visible-form-element' id='element_avia_4_1'><label for=\"avia_4_1\" class=\"textare_label hidden textare_label_avia_4_1\">Message <abbr class=\"required\" title=\"required\">*<\/abbr><\/label><textarea  name=\"avia_4_1\" class=\"text_area is_empty\" cols=\"40\" rows=\"7\" id=\"avia_4_1\" ><\/textarea><\/p><p class=\"hidden\"><input type=\"text\" name=\"avia_5_1\" class=\"hidden\" id=\"avia_5_1\" value=\"\" \/><\/p><p class=\"form_element\"><input type=\"hidden\" value=\"1\" name=\"avia_generated_form1\" \/><input type=\"submit\" value=\"Send\" class=\"button\"  data-sending-label=\"Sending\"\/><\/p><\/fieldset><input type=\"hidden\" name=\"trp-form-language\" value=\"en\"\/><\/form><div id=\"ajaxresponse_1\" class=\"ajaxresponse ajaxresponse_1 hidden\"><\/div>","protected":false},"excerpt":{"rendered":"","protected":false},"author":1,"featured_media":0,"parent":0,"menu_order":2,"comment_status":"closed","ping_status":"closed","template":"","meta":[],"yoast_head":"<!-- This site is optimized with the Yoast SEO plugin v17.9 - https:\/\/yoast.com\/wordpress\/plugins\/seo\/ -->\r\n<title>Werft - LA Yacht- &amp; Bootsbau GmbH<\/title>\r\n<meta name=\"description\" content=\"Yacht und Bootsbau, handwerkliches K\u00f6nnen, neuste Technik - spezialisiert auf Daysailern, 20er und 30er Jollenkreuzer und Segelyachten nach Kundenwunsch.\" \/>\r\n<meta name=\"robots\" content=\"index, follow, max-snippet:-1, max-image-preview:large, max-video-preview:-1\" \/>\r\n<link rel=\"canonical\" href=\"https:\/\/www.la-yacht.de\/en\/shipyard-la-yacht\/\" \/>\r\n<meta property=\"og:locale\" content=\"en_US\" \/>\r\n<meta property=\"og:type\" content=\"article\" \/>\r\n<meta property=\"og:title\" content=\"Werft - LA Yacht- &amp; Bootsbau GmbH\" \/>\r\n<meta property=\"og:description\" content=\"Yacht und Bootsbau, handwerkliches K\u00f6nnen, neuste Technik - spezialisiert auf Daysailern, 20er und 30er Jollenkreuzer und Segelyachten nach Kundenwunsch.\" \/>\r\n<meta property=\"og:url\" content=\"https:\/\/www.la-yacht.de\/en\/shipyard-la-yacht\/\" \/>\r\n<meta property=\"og:site_name\" content=\"LA Yacht- &amp; Bootsbau GmbH\" \/>\r\n<meta property=\"article:modified_time\" content=\"2025-01-07T08:04:12+00:00\" \/>\r\n<meta name=\"twitter:card\" content=\"summary\" \/>\r\n<meta name=\"twitter:label1\" content=\"Est. reading time\" \/>\n\t<meta name=\"twitter:data1\" content=\"5 minutes\" \/>\r\n<script type=\"application\/ld+json\" class=\"yoast-schema-graph\">{\"@context\":\"https:\/\/schema.org\",\"@graph\":[{\"@type\":\"WebSite\",\"@id\":\"https:\/\/www.la-yacht.de\/#website\",\"url\":\"https:\/\/www.la-yacht.de\/\",\"name\":\"LA Yacht- &amp; Bootsbau GmbH\",\"description\":\"Ma\\u00dfgeschneiderte Yachten\",\"potentialAction\":[{\"@type\":\"SearchAction\",\"target\":{\"@type\":\"EntryPoint\",\"urlTemplate\":\"https:\/\/www.la-yacht.de\/?s={search_term_string}\"},\"query-input\":\"required name=search_term_string\"}],\"inLanguage\":\"en-US\"},{\"@type\":\"WebPage\",\"@id\":\"https:\/\/www.la-yacht.de\/la-yacht-bootsbau\/#webpage\",\"url\":\"https:\/\/www.la-yacht.de\/la-yacht-bootsbau\/\",\"name\":\"Werft - LA Yacht- &amp; Bootsbau GmbH\",\"isPartOf\":{\"@id\":\"https:\/\/www.la-yacht.de\/#website\"},\"datePublished\":\"2015-04-23T08:33:00+00:00\",\"dateModified\":\"2025-01-07T08:04:12+00:00\",\"description\":\"Yacht und Bootsbau, handwerkliches K\\u00f6nnen, neuste Technik - spezialisiert auf Daysailern, 20er und 30er Jollenkreuzer und Segelyachten nach Kundenwunsch.\",\"breadcrumb\":{\"@id\":\"https:\/\/www.la-yacht.de\/la-yacht-bootsbau\/#breadcrumb\"},\"inLanguage\":\"en-US\",\"potentialAction\":[{\"@type\":\"ReadAction\",\"target\":[\"https:\/\/www.la-yacht.de\/la-yacht-bootsbau\/\"]}]},{\"@type\":\"BreadcrumbList\",\"@id\":\"https:\/\/www.la-yacht.de\/la-yacht-bootsbau\/#breadcrumb\",\"itemListElement\":[{\"@type\":\"ListItem\",\"position\":1,\"name\":\"Startseite\",\"item\":\"https:\/\/www.la-yacht.de\/\"},{\"@type\":\"ListItem\",\"position\":2,\"name\":\"Werft\"}]}]}<\/script>\r\n<!-- \/ Yoast SEO plugin. -->","yoast_head_json":{"title":"Werft - LA Yacht- &amp; Bootsbau GmbH","description":"Yacht und Bootsbau, handwerkliches K\u00f6nnen, neuste Technik - spezialisiert auf Daysailern, 20er und 30er Jollenkreuzer und Segelyachten nach Kundenwunsch.","robots":{"index":"index","follow":"follow","max-snippet":"max-snippet:-1","max-image-preview":"max-image-preview:large","max-video-preview":"max-video-preview:-1"},"canonical":"https:\/\/www.la-yacht.de\/en\/shipyard-la-yacht\/","og_locale":"en_US","og_type":"article","og_title":"Werft - LA Yacht- &amp; Bootsbau GmbH","og_description":"Yacht und Bootsbau, handwerkliches K\u00f6nnen, neuste Technik - spezialisiert auf Daysailern, 20er und 30er Jollenkreuzer und Segelyachten nach Kundenwunsch.","og_url":"https:\/\/www.la-yacht.de\/en\/shipyard-la-yacht\/","og_site_name":"LA Yacht- &amp; Bootsbau GmbH","article_modified_time":"2025-01-07T08:04:12+00:00","twitter_card":"summary","twitter_misc":{"Est. reading time":"5 minutes"},"schema":{"@context":"https:\/\/schema.org","@graph":[{"@type":"WebSite","@id":"https:\/\/www.la-yacht.de\/#website","url":"https:\/\/www.la-yacht.de\/","name":"LA Yacht- &amp; Bootsbau GmbH","description":"Ma\u00dfgeschneiderte Yachten","potentialAction":[{"@type":"SearchAction","target":{"@type":"EntryPoint","urlTemplate":"https:\/\/www.la-yacht.de\/?s={search_term_string}"},"query-input":"required name=search_term_string"}],"inLanguage":"en-US"},{"@type":"WebPage","@id":"https:\/\/www.la-yacht.de\/la-yacht-bootsbau\/#webpage","url":"https:\/\/www.la-yacht.de\/la-yacht-bootsbau\/","name":"Werft - LA Yacht- &amp; Bootsbau GmbH","isPartOf":{"@id":"https:\/\/www.la-yacht.de\/#website"},"datePublished":"2015-04-23T08:33:00+00:00","dateModified":"2025-01-07T08:04:12+00:00","description":"Yacht und Bootsbau, handwerkliches K\u00f6nnen, neuste Technik - spezialisiert auf Daysailern, 20er und 30er Jollenkreuzer und Segelyachten nach Kundenwunsch.","breadcrumb":{"@id":"https:\/\/www.la-yacht.de\/la-yacht-bootsbau\/#breadcrumb"},"inLanguage":"en-US","potentialAction":[{"@type":"ReadAction","target":["https:\/\/www.la-yacht.de\/la-yacht-bootsbau\/"]}]},{"@type":"BreadcrumbList","@id":"https:\/\/www.la-yacht.de\/la-yacht-bootsbau\/#breadcrumb","itemListElement":[{"@type":"ListItem","position":1,"name":"Startseite","item":"https:\/\/www.la-yacht.de\/"},{"@type":"ListItem","position":2,"name":"Werft"}]}]}},"_links":{"self":[{"href":"https:\/\/www.la-yacht.de\/en\/wp-json\/wp\/v2\/pages\/22"}],"collection":[{"href":"https:\/\/www.la-yacht.de\/en\/wp-json\/wp\/v2\/pages"}],"about":[{"href":"https:\/\/www.la-yacht.de\/en\/wp-json\/wp\/v2\/types\/page"}],"author":[{"embeddable":true,"href":"https:\/\/www.la-yacht.de\/en\/wp-json\/wp\/v2\/users\/1"}],"replies":[{"embeddable":true,"href":"https:\/\/www.la-yacht.de\/en\/wp-json\/wp\/v2\/comments?post=22"}],"version-history":[{"count":24,"href":"https:\/\/www.la-yacht.de\/en\/wp-json\/wp\/v2\/pages\/22\/revisions"}],"predecessor-version":[{"id":1309,"href":"https:\/\/www.la-yacht.de\/en\/wp-json\/wp\/v2\/pages\/22\/revisions\/1309"}],"wp:attachment":[{"href":"https:\/\/www.la-yacht.de\/en\/wp-json\/wp\/v2\/media?parent=22"}],"curies":[{"name":"wp","href":"https:\/\/api.w.org\/{rel}","templated":true}]}}