{"id":27,"date":"2015-04-27T14:05:55","date_gmt":"2015-04-27T12:05:55","guid":{"rendered":"https:\/\/www.la-yacht.de\/?page_id=27"},"modified":"2025-01-07T09:04:12","modified_gmt":"2025-01-07T08:04:12","slug":"impressum","status":"publish","type":"page","link":"https:\/\/www.la-yacht.de\/en\/imprint\/","title":{"rendered":"Imprint"},"content":{"rendered":"<style type=\"text\/css\" data-created_by=\"avia_inline_auto\" id=\"style-css-av-av_two_third-9497bbf8bff73ea4c6992cc17fa9ec36\">\n.flex_column.av-av_two_third-9497bbf8bff73ea4c6992cc17fa9ec36{\nborder-radius:0px 0px 0px 0px;\n-webkit-border-radius:0px 0px 0px 0px;\n-moz-border-radius:0px 0px 0px 0px;\n}\n<\/style>\n<div class='flex_column av-av_two_third-9497bbf8bff73ea4c6992cc17fa9ec36 av_two_third  avia-builder-el-0  avia-builder-el-no-sibling  first flex_column_div av-zero-column-padding'   ><div  class=\"tabcontainer   top_tab   avia-builder-el-1  avia-builder-el-no-sibling\" role=\"tablist\">\n\n<section class=\"av_tab_section\"  itemscope=\"itemscope\" itemtype=\"https:\/\/schema.org\/CreativeWork\" ><div aria-controls=\"tab-id-1-content\" role=\"tab\" tabindex=\"0\" data-fake-id=\"#tab-id-1\" class=\"tab active_tab\"  itemprop=\"headline\" >Imprint<\/div>\n<div id=\"tab-id-1-content\" class=\"tab_content active_tab_content\" aria-hidden=\"false\">\n<div class=\"tab_inner_content invers-color\"  itemprop=\"text\" >\n<p><b>Provider identification according to \u00a7 6 TDG<\/b><br \/>\nLA Yacht- und Bootsbau GmbH<br \/>\nHeinrich-Seidel-Str. 3<br \/>\n17192 Waren (M\u00fcritz)<\/p>\n<p>Tel:\u00a0+49 173 2945147<\/p>\n<p>Managing Director: Dipl. Ing. Lothar Fichtner<\/p>\n<p>Commercial Register<br \/>\nAmtsgericht Neubrandenburg \u2013 HRB 8168<\/p>\n<p>USt-ID:<\/p>\n\n<\/div>\n<\/div>\n<\/section>\n\n<section class=\"av_tab_section\"  itemscope=\"itemscope\" itemtype=\"https:\/\/schema.org\/CreativeWork\" ><div aria-controls=\"tab-id-2-content\" role=\"tab\" tabindex=\"0\" data-fake-id=\"#tab-id-2\" class=\"tab\"  itemprop=\"headline\" >Liability provisions<\/div>\n<div id=\"tab-id-2-content\" class=\"tab_content\" aria-hidden=\"true\">\n<div class=\"tab_inner_content invers-color\"  itemprop=\"text\" >\n<h4>Haftung f\u00fcr Inhalte<\/h4>\n<p>Die Inhalte unserer Seiten wurden mit gr\u00f6\u00dfter Sorgfalt erstellt. F\u00fcr die Richtigkeit, Vollst\u00e4ndigkeit und Aktualit\u00e4t der Inhalte k\u00f6nnen wir jedoch keine Gew\u00e4hr \u00fcbernehmen. Als Diensteanbieter sind wir gem\u00e4\u00df \u00a7 7 Abs.1 TMG f\u00fcr eigene Inhalte auf diesen Seiten nach den allgemeinen Gesetzen verantwortlich. Nach \u00a7\u00a7 8 bis 10 TMG sind wir als Diensteanbieter jedoch nicht verpflichtet, \u00fcbermittelte oder gespeicherte fremde Informationen zu \u00fcberwachen oder nach Umst\u00e4nden zu forschen, die auf eine rechtswidrige T\u00e4tigkeit hinweisen. Verpflichtungen zur Entfernung oder Sperrung der Nutzung von Informationen nach den allgemeinen Gesetzen bleiben hiervon unber\u00fchrt. Eine diesbez\u00fcgliche Haftung ist jedoch erst ab dem Zeitpunkt der Kenntnis einer konkreten Rechtsverletzung m\u00f6glich. Bei Bekanntwerden von entsprechenden Rechtsverletzungen werden wir diese Inhalte umgehend entfernen.<\/p>\n<h4>Haftung f\u00fcr Links<\/h4>\n<p>Unser Angebot enth\u00e4lt Links zu externen Webseiten Dritter, auf deren Inhalte wir keinen Einfluss haben. Deshalb k\u00f6nnen wir f\u00fcr diese fremden Inhalte auch keine Gew\u00e4hr \u00fcbernehmen. F\u00fcr die Inhalte der verlinkten Seiten ist stets der jeweilige Anbieter oder Betreiber der Seiten verantwortlich. Die verlinkten Seiten wurden zum Zeitpunkt der Verlinkung auf m\u00f6gliche Rechtsverst\u00f6\u00dfe \u00fcberpr\u00fcft. Rechtswidrige Inhalte waren zum Zeitpunkt der Verlinkung nicht erkennbar. Eine permanente inhaltliche Kontrolle der verlinkten Seiten ist jedoch ohne konkrete Anhaltspunkte einer Rechtsverletzung nicht zumutbar. Bei Bekanntwerden von Rechtsverletzungen werden wir derartige Links umgehend entfernen.<\/p>\n<h4>Urheberrecht<\/h4>\n<p>Die durch die Seitenbetreiber erstellten Inhalte und Werke auf diesen Seiten unterliegen dem deutschen Urheberrecht. Die Vervielf\u00e4ltigung, Bearbeitung, Verbreitung und jede Art der Verwertung au\u00dferhalb der Grenzen des Urheberrechtes bed\u00fcrfen der schriftlichen Zustimmung des jeweiligen Autors bzw. Erstellers. Downloads und Kopien dieser Seite sind nur f\u00fcr den privaten, nicht kommerziellen Gebrauch gestattet. Soweit die Inhalte auf dieser Seite nicht vom Betreiber erstellt wurden, werden die Urheberrechte Dritter beachtet. Insbesondere werden Inhalte Dritter als solche gekennzeichnet. Sollten Sie trotzdem auf eine Urheberrechtsverletzung aufmerksam werden, bitten wir um einen entsprechenden Hinweis. Bei Bekanntwerden von Rechtsverletzungen werden wir derartige Inhalte umgehend entfernen.<\/p>\n<p>Quellenangabe:\u00a0<a href=\"http:\/\/www.e-recht24.de\/muster-disclaimer.html\" rel=\"nofollow\">eRecht24<\/a><\/p>\n\n<\/div>\n<\/div>\n<\/section>\n\n<section class=\"av_tab_section\"  itemscope=\"itemscope\" itemtype=\"https:\/\/schema.org\/CreativeWork\" ><div aria-controls=\"tab-id-3-content\" role=\"tab\" tabindex=\"0\" data-fake-id=\"#tab-id-3\" class=\"tab\"  itemprop=\"headline\" >Image credits<\/div>\n<div id=\"tab-id-3-content\" class=\"tab_content\" aria-hidden=\"true\">\n<div class=\"tab_inner_content invers-color\"  itemprop=\"text\" >\n<p>Photos marked accordingly:<\/p>\n<p>S\u00f6nke Hucho (SH) \u00a0| \u00a0<a href=\"http:\/\/www.yacht-photo.de\" target=\"_blank\" rel=\"noopener\">www.yacht-photo.de<\/a><\/p>\n\n<\/div>\n<\/div>\n<\/section>\n\n<section class=\"av_tab_section\"  itemscope=\"itemscope\" itemtype=\"https:\/\/schema.org\/CreativeWork\" ><div aria-controls=\"tab-id-4-content\" role=\"tab\" tabindex=\"0\" data-fake-id=\"#tab-id-4\" class=\"tab\"  itemprop=\"headline\" >Design &amp; Programmierung<\/div>\n<div id=\"tab-id-4-content\" class=\"tab_content\" aria-hidden=\"true\">\n<div class=\"tab_inner_content invers-color\"  itemprop=\"text\" >\n<p><a href=\"http:\/\/www.nord-vision.de\/\" target=\"_blank\" rel=\"noopener\">Nord-Vision IT Solutions GmbH<br \/>\n<\/a>intuitiv media \u00a0| \u00a0Berlin<\/p>\n\n<\/div>\n<\/div>\n<\/section>\n\n<\/div><\/div>","protected":false},"excerpt":{"rendered":"","protected":false},"author":1,"featured_media":0,"parent":0,"menu_order":9,"comment_status":"closed","ping_status":"closed","template":"","meta":[],"yoast_head":"<!-- This site is optimized with the Yoast SEO plugin v17.9 - https:\/\/yoast.com\/wordpress\/plugins\/seo\/ -->\r\n<title>Impressum - LA Yacht- &amp; Bootsbau GmbH<\/title>\r\n<meta name=\"description\" content=\"Impressum und Anbieterkennzeichnung der LA Yacht- und Bootsbau GmbH.\" \/>\r\n<meta name=\"robots\" content=\"index, follow, max-snippet:-1, max-image-preview:large, max-video-preview:-1\" \/>\r\n<link rel=\"canonical\" href=\"https:\/\/www.la-yacht.de\/en\/imprint\/\" \/>\r\n<meta property=\"og:locale\" content=\"en_US\" \/>\r\n<meta property=\"og:type\" content=\"article\" \/>\r\n<meta property=\"og:title\" content=\"Impressum - LA Yacht- &amp; Bootsbau GmbH\" \/>\r\n<meta property=\"og:description\" content=\"Impressum und Anbieterkennzeichnung der LA Yacht- und Bootsbau GmbH.\" \/>\r\n<meta property=\"og:url\" content=\"https:\/\/www.la-yacht.de\/en\/imprint\/\" \/>\r\n<meta property=\"og:site_name\" content=\"LA Yacht- &amp; Bootsbau GmbH\" \/>\r\n<meta property=\"article:modified_time\" content=\"2025-01-07T08:04:12+00:00\" \/>\r\n<meta name=\"twitter:card\" content=\"summary\" \/>\r\n<meta name=\"twitter:label1\" content=\"Est. reading time\" \/>\n\t<meta name=\"twitter:data1\" content=\"3 minutes\" \/>\r\n<script type=\"application\/ld+json\" class=\"yoast-schema-graph\">{\"@context\":\"https:\/\/schema.org\",\"@graph\":[{\"@type\":\"WebSite\",\"@id\":\"https:\/\/www.la-yacht.de\/#website\",\"url\":\"https:\/\/www.la-yacht.de\/\",\"name\":\"LA Yacht- &amp; Bootsbau GmbH\",\"description\":\"Ma\\u00dfgeschneiderte Yachten\",\"potentialAction\":[{\"@type\":\"SearchAction\",\"target\":{\"@type\":\"EntryPoint\",\"urlTemplate\":\"https:\/\/www.la-yacht.de\/?s={search_term_string}\"},\"query-input\":\"required name=search_term_string\"}],\"inLanguage\":\"en-US\"},{\"@type\":\"WebPage\",\"@id\":\"https:\/\/www.la-yacht.de\/impressum\/#webpage\",\"url\":\"https:\/\/www.la-yacht.de\/impressum\/\",\"name\":\"Impressum - LA Yacht- &amp; Bootsbau GmbH\",\"isPartOf\":{\"@id\":\"https:\/\/www.la-yacht.de\/#website\"},\"datePublished\":\"2015-04-27T12:05:55+00:00\",\"dateModified\":\"2025-01-07T08:04:12+00:00\",\"description\":\"Impressum und Anbieterkennzeichnung der LA Yacht- und Bootsbau GmbH.\",\"breadcrumb\":{\"@id\":\"https:\/\/www.la-yacht.de\/impressum\/#breadcrumb\"},\"inLanguage\":\"en-US\",\"potentialAction\":[{\"@type\":\"ReadAction\",\"target\":[\"https:\/\/www.la-yacht.de\/impressum\/\"]}]},{\"@type\":\"BreadcrumbList\",\"@id\":\"https:\/\/www.la-yacht.de\/impressum\/#breadcrumb\",\"itemListElement\":[{\"@type\":\"ListItem\",\"position\":1,\"name\":\"Startseite\",\"item\":\"https:\/\/www.la-yacht.de\/\"},{\"@type\":\"ListItem\",\"position\":2,\"name\":\"Impressum\"}]}]}<\/script>\r\n<!-- \/ Yoast SEO plugin. -->","yoast_head_json":{"title":"Impressum - LA Yacht- &amp; Bootsbau GmbH","description":"Impressum und Anbieterkennzeichnung der LA Yacht- und Bootsbau GmbH.","robots":{"index":"index","follow":"follow","max-snippet":"max-snippet:-1","max-image-preview":"max-image-preview:large","max-video-preview":"max-video-preview:-1"},"canonical":"https:\/\/www.la-yacht.de\/en\/imprint\/","og_locale":"en_US","og_type":"article","og_title":"Impressum - LA Yacht- &amp; Bootsbau GmbH","og_description":"Impressum und Anbieterkennzeichnung der LA Yacht- und Bootsbau GmbH.","og_url":"https:\/\/www.la-yacht.de\/en\/imprint\/","og_site_name":"LA Yacht- &amp; Bootsbau GmbH","article_modified_time":"2025-01-07T08:04:12+00:00","twitter_card":"summary","twitter_misc":{"Est. reading time":"3 minutes"},"schema":{"@context":"https:\/\/schema.org","@graph":[{"@type":"WebSite","@id":"https:\/\/www.la-yacht.de\/#website","url":"https:\/\/www.la-yacht.de\/","name":"LA Yacht- &amp; Bootsbau GmbH","description":"Ma\u00dfgeschneiderte Yachten","potentialAction":[{"@type":"SearchAction","target":{"@type":"EntryPoint","urlTemplate":"https:\/\/www.la-yacht.de\/?s={search_term_string}"},"query-input":"required name=search_term_string"}],"inLanguage":"en-US"},{"@type":"WebPage","@id":"https:\/\/www.la-yacht.de\/impressum\/#webpage","url":"https:\/\/www.la-yacht.de\/impressum\/","name":"Impressum - LA Yacht- &amp; Bootsbau GmbH","isPartOf":{"@id":"https:\/\/www.la-yacht.de\/#website"},"datePublished":"2015-04-27T12:05:55+00:00","dateModified":"2025-01-07T08:04:12+00:00","description":"Impressum und Anbieterkennzeichnung der LA Yacht- und Bootsbau GmbH.","breadcrumb":{"@id":"https:\/\/www.la-yacht.de\/impressum\/#breadcrumb"},"inLanguage":"en-US","potentialAction":[{"@type":"ReadAction","target":["https:\/\/www.la-yacht.de\/impressum\/"]}]},{"@type":"BreadcrumbList","@id":"https:\/\/www.la-yacht.de\/impressum\/#breadcrumb","itemListElement":[{"@type":"ListItem","position":1,"name":"Startseite","item":"https:\/\/www.la-yacht.de\/"},{"@type":"ListItem","position":2,"name":"Impressum"}]}]}},"_links":{"self":[{"href":"https:\/\/www.la-yacht.de\/en\/wp-json\/wp\/v2\/pages\/27"}],"collection":[{"href":"https:\/\/www.la-yacht.de\/en\/wp-json\/wp\/v2\/pages"}],"about":[{"href":"https:\/\/www.la-yacht.de\/en\/wp-json\/wp\/v2\/types\/page"}],"author":[{"embeddable":true,"href":"https:\/\/www.la-yacht.de\/en\/wp-json\/wp\/v2\/users\/1"}],"replies":[{"embeddable":true,"href":"https:\/\/www.la-yacht.de\/en\/wp-json\/wp\/v2\/comments?post=27"}],"version-history":[{"count":16,"href":"https:\/\/www.la-yacht.de\/en\/wp-json\/wp\/v2\/pages\/27\/revisions"}],"predecessor-version":[{"id":1325,"href":"https:\/\/www.la-yacht.de\/en\/wp-json\/wp\/v2\/pages\/27\/revisions\/1325"}],"wp:attachment":[{"href":"https:\/\/www.la-yacht.de\/en\/wp-json\/wp\/v2\/media?parent=27"}],"curies":[{"name":"wp","href":"https:\/\/api.w.org\/{rel}","templated":true}]}}